{"id":25097386,"date":"2025-09-13T22:20:18","date_gmt":"2025-09-13T20:20:18","guid":{"rendered":"https:\/\/khomclean.be\/?page_id=25097386"},"modified":"2026-02-20T08:03:39","modified_gmt":"2026-02-20T07:03:39","slug":"contact","status":"publish","type":"page","link":"https:\/\/khomclean.be\/en\/contact\/","title":{"rendered":"Contact"},"content":{"rendered":"<div class=\"et_pb_section_0 et_pb_section et_section_regular et_block_section\">\n<div class=\"et_pb_row_0 et_pb_row et_flex_row preset--group--divi-row--divi-background--1tpzfmjds8\">\n<div class=\"et_pb_column_0 et_pb_column et-last-child et_flex_column et_pb_css_mix_blend_mode_passthrough et_flex_column_24_24 et_flex_column_24_24_tablet et_flex_column_24_24_phone\">\n<div class=\"et_pb_text_0 et_pb_text et_pb_bg_layout_light et_pb_module et_block_module\"><div class=\"et_pb_text_inner\"><p>PROCESS<\/p>\n<\/div><\/div>\n\n<div class=\"et_pb_text_1 et_pb_text et_pb_bg_layout_light et_pb_module et_block_module\"><div class=\"et_pb_text_inner\"><h2>Un process pr\u00e9cis, pour une collaboration fluide<\/h2>\n<\/div><\/div>\n\n\n\n\n\n\n<div class=\"et_pb_module et_d4_element dipi_horizontal_timeline dipi_horizontal_timeline_0\">\n\t\t\t\t\n\t\t\t\t\n\t\t\t\t\n\t\t\t\t\n\t\t\t\t\n\t\t\t\t\n\t\t\t\t<div class=\"et_pb_module_inner\">\n\t\t\t\t\t\n      <div class=\"dipi-carousel-main show_lightbox show_lightbox_tablet show_lightbox_phone  dipi_htl_custom_classes dipi_htl_layout_top dipi_htl_layout_top_tablet dipi_htl_layout_top_phone startpos-top dipi_timeline_show-card-arrow dipi_timeline_card_arrow_center\" data-columnsdesktop='4' data-columnstablet='2' data-columnsphone='1' data-spacebetween='37' data-spacebetween_tablet='37' data-spacebetween_phone='37' data-loop='off' data-speed='500' data-navigation='off' data-navigation_t='off' data-navigation_m='on' data-pagination='off' data-autoplay='off' data-autoplayspeed='5000' data-pauseonhover='on' data-act_horizontal_pos='50%' data-dynamicbullets='on' data-ordernumber='0' data-centered='off' data-layout='top' data-layout_t='top' data-layout_m='top' data-card_arrow_align='center'>\n        <div class=\"dipi_htl_container\">\n          <div class=\"dipi-htl-items\">\n            <div class=\"et_pb_module et_d4_element dipi_horizontal_timeline_item dipi_horizontal_timeline_item_0\">\n\t\t\t\t\n\t\t\t\t\n\t\t\t\t\n\t\t\t\t\n\t\t\t\t\n\t\t\t\t\n\t\t\t\t<div class=\"et_pb_module_inner\">\n\t\t\t\t\t<div class=\" dipi_htl_item_custom_classes dipi_htl_item_position_left et_pb_bg_layout_ dipi_htl_item_position_left_tablet dipi_htl_item_position_left_phone dipi_htl_item_custom-card-arrow\">\n\t\t\t\t\t<div class=\"dipi_htl_item_container\">\n\t\t\t\t\t\t<div class=\"dipi_htl_ribbon-wrapper\">\n\t\t\t\t\t\t<div class=\"dipi_timeline_ribbon\"><\/div>\n\t\t\t\t\t<\/div>\n\t\t\t\t\t\t<div class=\"et_pb_image_wrap ribbon-ico-wrap\"><span data-icon=\"&#x5c;\" class=\"ribbon-ico\"><\/span><\/div>\n\t\t\t\t\t\t<div class=\"dipi_htl_item_card-wrap\">\n\t\t\t\t\t\t\t<div class=\"dipi_htl_item_card\">\n\t\t\t\t\t\t\t\t\n\t\t\t\t\t\t\t\t<span class=\"et_pb_background_pattern\"><\/span>\n\t\t\t\t\t\t\t\t<span class=\"et_pb_background_mask\"><\/span>\n\t\t\t\t\t\t\t\t\n\t\t\t\t\t\t\t\t\n\t\t\t\t\t\t\t\t<div class=\"dipi_htl_item_content\">\n\t\t\t\t\t\t\t\t\t<div class=\"dipi_htl_item_content_text\">\n\t\t\t\t\t\t\t\t\t\t<h4 class=\"dipi_htl_item_header\"><span>Prise de contact<\/span><\/h4>\n\t\t\t\t\t\t\t\t\t\t<div class=\"dipi_htl_item_description\"><p>Un simple appel ou un message via notre formulaire en ligne suffit pour lancer la collaboration.<\/p><\/div>\n\t\t\t\t\t\t\t\t\t<\/div>\n\t\t\t\t\t\t\t\t\t\n\t\t\t\t\t\t\t\t<\/div> <!-- .dipi_htl_item_content -->\n\t\t\t\t\t\t\t<\/div> <!-- .dipi_htl_item_card -->\n\t\t\t\t\t\t<\/div>\n\t\t\t\t\t<\/div>\n\t\t\t\t<\/div>\n\t\t\t\n\t\t\t\t<\/div>\n\t\t\t<\/div><div class=\"et_pb_module et_d4_element dipi_horizontal_timeline_item dipi_horizontal_timeline_item_1\">\n\t\t\t\t\n\t\t\t\t\n\t\t\t\t\n\t\t\t\t\n\t\t\t\t\n\t\t\t\t\n\t\t\t\t<div class=\"et_pb_module_inner\">\n\t\t\t\t\t<div class=\" dipi_htl_item_custom_classes dipi_htl_item_position_left et_pb_bg_layout_ dipi_htl_item_position_left_tablet dipi_htl_item_position_left_phone dipi_htl_item_custom-card-arrow\">\n\t\t\t\t\t<div class=\"dipi_htl_item_container\">\n\t\t\t\t\t\t<div class=\"dipi_htl_ribbon-wrapper\">\n\t\t\t\t\t\t<div class=\"dipi_timeline_ribbon\"><\/div>\n\t\t\t\t\t<\/div>\n\t\t\t\t\t\t<div class=\"et_pb_image_wrap ribbon-ico-wrap\"><span data-icon=\"&#x5c;\" class=\"ribbon-ico\"><\/span><\/div>\n\t\t\t\t\t\t<div class=\"dipi_htl_item_card-wrap\">\n\t\t\t\t\t\t\t<div class=\"dipi_htl_item_card\">\n\t\t\t\t\t\t\t\t\n\t\t\t\t\t\t\t\t<span class=\"et_pb_background_pattern\"><\/span>\n\t\t\t\t\t\t\t\t<span class=\"et_pb_background_mask\"><\/span>\n\t\t\t\t\t\t\t\t\n\t\t\t\t\t\t\t\t\n\t\t\t\t\t\t\t\t<div class=\"dipi_htl_item_content\">\n\t\t\t\t\t\t\t\t\t<div class=\"dipi_htl_item_content_text\">\n\t\t\t\t\t\t\t\t\t\t<h4 class=\"dipi_htl_item_header\"><span>R\u00e9ponse en 24h<\/span><\/h4>\n\t\t\t\t\t\t\t\t\t\t<div class=\"dipi_htl_item_description\"><p>Nous vous recontactons rapidement pour comprendre vos besoins et planifier un premier rendez-vous.<\/p><\/div>\n\t\t\t\t\t\t\t\t\t<\/div>\n\t\t\t\t\t\t\t\t\t\n\t\t\t\t\t\t\t\t<\/div> <!-- .dipi_htl_item_content -->\n\t\t\t\t\t\t\t<\/div> <!-- .dipi_htl_item_card -->\n\t\t\t\t\t\t<\/div>\n\t\t\t\t\t<\/div>\n\t\t\t\t<\/div>\n\t\t\t\n\t\t\t\t<\/div>\n\t\t\t<\/div><div class=\"et_pb_module et_d4_element dipi_horizontal_timeline_item dipi_horizontal_timeline_item_2\">\n\t\t\t\t\n\t\t\t\t\n\t\t\t\t\n\t\t\t\t\n\t\t\t\t\n\t\t\t\t\n\t\t\t\t<div class=\"et_pb_module_inner\">\n\t\t\t\t\t<div class=\" dipi_htl_item_custom_classes dipi_htl_item_position_left et_pb_bg_layout_ dipi_htl_item_position_left_tablet dipi_htl_item_position_left_phone dipi_htl_item_custom-card-arrow\">\n\t\t\t\t\t<div class=\"dipi_htl_item_container\">\n\t\t\t\t\t\t<div class=\"dipi_htl_ribbon-wrapper\">\n\t\t\t\t\t\t<div class=\"dipi_timeline_ribbon\"><\/div>\n\t\t\t\t\t<\/div>\n\t\t\t\t\t\t<div class=\"et_pb_image_wrap ribbon-ico-wrap\"><span data-icon=\"&#x5c;\" class=\"ribbon-ico\"><\/span><\/div>\n\t\t\t\t\t\t<div class=\"dipi_htl_item_card-wrap\">\n\t\t\t\t\t\t\t<div class=\"dipi_htl_item_card\">\n\t\t\t\t\t\t\t\t\n\t\t\t\t\t\t\t\t<span class=\"et_pb_background_pattern\"><\/span>\n\t\t\t\t\t\t\t\t<span class=\"et_pb_background_mask\"><\/span>\n\t\t\t\t\t\t\t\t\n\t\t\t\t\t\t\t\t\n\t\t\t\t\t\t\t\t<div class=\"dipi_htl_item_content\">\n\t\t\t\t\t\t\t\t\t<div class=\"dipi_htl_item_content_text\">\n\t\t\t\t\t\t\t\t\t\t<h4 class=\"dipi_htl_item_header\"><span>Offre personnalis\u00e9e<\/span><\/h4>\n\t\t\t\t\t\t\t\t\t\t<div class=\"dipi_htl_item_description\"><p>Apr\u00e8s analyse de vos surfaces et de vos contraintes, nous vous remettons une offre claire, d\u00e9taill\u00e9e et sans surprise.<\/p><\/div>\n\t\t\t\t\t\t\t\t\t<\/div>\n\t\t\t\t\t\t\t\t\t\n\t\t\t\t\t\t\t\t<\/div> <!-- .dipi_htl_item_content -->\n\t\t\t\t\t\t\t<\/div> <!-- .dipi_htl_item_card -->\n\t\t\t\t\t\t<\/div>\n\t\t\t\t\t<\/div>\n\t\t\t\t<\/div>\n\t\t\t\n\t\t\t\t<\/div>\n\t\t\t<\/div><div class=\"et_pb_module et_d4_element dipi_horizontal_timeline_item dipi_horizontal_timeline_item_3\">\n\t\t\t\t\n\t\t\t\t\n\t\t\t\t\n\t\t\t\t\n\t\t\t\t\n\t\t\t\t\n\t\t\t\t<div class=\"et_pb_module_inner\">\n\t\t\t\t\t<div class=\" dipi_htl_item_custom_classes dipi_htl_item_position_left et_pb_bg_layout_ dipi_htl_item_position_left_tablet dipi_htl_item_position_left_phone dipi_htl_item_custom-card-arrow\">\n\t\t\t\t\t<div class=\"dipi_htl_item_container\">\n\t\t\t\t\t\t<div class=\"dipi_htl_ribbon-wrapper\">\n\t\t\t\t\t\t<div class=\"dipi_timeline_ribbon\"><\/div>\n\t\t\t\t\t<\/div>\n\t\t\t\t\t\t<div class=\"et_pb_image_wrap ribbon-ico-wrap\"><span data-icon=\"&#x5c;\" class=\"ribbon-ico\"><\/span><\/div>\n\t\t\t\t\t\t<div class=\"dipi_htl_item_card-wrap\">\n\t\t\t\t\t\t\t<div class=\"dipi_htl_item_card\">\n\t\t\t\t\t\t\t\t\n\t\t\t\t\t\t\t\t<span class=\"et_pb_background_pattern\"><\/span>\n\t\t\t\t\t\t\t\t<span class=\"et_pb_background_mask\"><\/span>\n\t\t\t\t\t\t\t\t\n\t\t\t\t\t\t\t\t\n\t\t\t\t\t\t\t\t<div class=\"dipi_htl_item_content\">\n\t\t\t\t\t\t\t\t\t<div class=\"dipi_htl_item_content_text\">\n\t\t\t\t\t\t\t\t\t\t<h4 class=\"dipi_htl_item_header\"><span>Mise en place rapide<\/span><\/h4>\n\t\t\t\t\t\t\t\t\t\t<div class=\"dipi_htl_item_description\"><p>Une fois valid\u00e9, le planning est \u00e9tabli et nos techniciens interviennent d\u00e8s la premi\u00e8re semaine.<\/p><\/div>\n\t\t\t\t\t\t\t\t\t<\/div>\n\t\t\t\t\t\t\t\t\t\n\t\t\t\t\t\t\t\t<\/div> <!-- .dipi_htl_item_content -->\n\t\t\t\t\t\t\t<\/div> <!-- .dipi_htl_item_card -->\n\t\t\t\t\t\t<\/div>\n\t\t\t\t\t<\/div>\n\t\t\t\t<\/div>\n\t\t\t\n\t\t\t\t<\/div>\n\t\t\t<\/div>\n            <div class=\"dipi-htl-line\"><\/div>\n            <div class=\"dipi-htl-line__active\"><\/div>\n          <\/div>\n        <\/div>\n        <div class=\"swiper-button-next swiper-arrow-button dipi-sbn0 \" data-icon=\"&#x35;\"><\/div>\n            <div class=\"swiper-button-prev swiper-arrow-button dipi-sbp0 \" data-icon=\"&#x34;\"><\/div>\n            \n        <div class=\"dipi_htl_container-horizontal\">\n          <div class=\"swiper-pagination dipi-sp0\"><\/div>\n        <\/div>\n      <\/div>\n\t\t\t\t<\/div>\n\t\t\t<\/div>\n\n\n\n\n\n<\/div>\n<\/div>\n<\/div>\n\n<div class=\"et_pb_section_1 et_pb_section et_section_regular et_flex_section circle-outside\"><div class=\"et_pb_row_1 et_pb_row et_flex_row\"><div class=\"et_pb_column_1 et_pb_column et-last-child et_flex_column et_pb_css_mix_blend_mode_passthrough et_flex_column_24_24 et_flex_column_24_24_tablet et_flex_column_24_24_phone\"><div class=\"et_pb_image_0 et_pb_image et_pb_module et_block_module\"><span class=\"et_pb_image_wrap\"><img loading=\"lazy\" decoding=\"async\" src=\"https:\/\/khomclean.be\/wp-content\/uploads\/2025\/09\/EllipseGradient2-contactSection.png\" width=\"249\" height=\"249\" srcset=\"https:\/\/khomclean.be\/wp-content\/uploads\/2025\/09\/EllipseGradient2-contactSection.png 249w, https:\/\/khomclean.be\/wp-content\/uploads\/2025\/09\/EllipseGradient2-contactSection-150x150.png 150w\" sizes=\"(max-width: 249px) 100vw, 249px\" class=\"wp-image-96\" title=\"EllipseGradient#2 (contactSection)\" \/><\/span><\/div><\/div><\/div><div class=\"et_pb_row_2 et_pb_row et_flex_row\"><div class=\"et_pb_column_2 et_pb_column et_flex_column et_pb_css_mix_blend_mode_passthrough et_flex_column_2_5 et_flex_column_2_5_tablet et_flex_column_24_24_phone preset--group--divi-column--divi-background--1tpzfmjds8\"><div class=\"et_pb_text_2 et_pb_text et_pb_bg_layout_light et_pb_module et_block_module\"><div class=\"et_pb_text_inner\"><h2>Contact Information<\/h2>\n<p>L\u2019excellence commence par une rencontre, \u00e9changeons sur vos projets de nettoyage.<\/p>\n<\/div><\/div><div class=\"et_pb_code_0 et_pb_code et_pb_module\"><div class=\"et_pb_code_inner\"><div class=\"contact-block\" style=\"color:#F6F1EB;\">\n  <div class=\"contact-item\">\n    <img decoding=\"async\" src=\"https:\/\/khomclean.be\/wp-content\/uploads\/2025\/09\/phoneIcon.png\" alt=\"T\u00e9l\u00e9phone\" class=\"icon\">\n    <a href=\"tel:+3228445204\">+32 2 844 52 04<\/a>\n  <\/div>\n\n  <div class=\"contact-item\">\n    <img decoding=\"async\" src=\"https:\/\/khomclean.be\/wp-content\/uploads\/2025\/09\/mailIcon.png\" alt=\"Email\" class=\"icon\">\n    <a href=\"mailto:info@khomclean.be\">info@khomclean.be<\/a>\n  <\/div>\n\n  <div class=\"contact-item\">\n    <img decoding=\"async\" src=\"https:\/\/khomclean.be\/wp-content\/uploads\/2025\/09\/localisationIcon.png\" alt=\"Localisation\" class=\"icon\">\n    <span>Bruxelles<\/span>\n  <\/div>\n<\/div><\/div><\/div><div class=\"et_pb_row_3 et_pb_row et_pb_row_nested et_flex_row\"><div class=\"et_pb_column_3 et_pb_column et_flex_column et_pb_css_mix_blend_mode_passthrough et_flex_column_12_24 et_flex_column_12_24_tablet et_flex_column_24_24_phone\"><div class=\"et_pb_code_1 et_pb_code et_pb_module\"><div class=\"et_pb_code_inner\"><!-- Charger Font Awesome -->\n<link rel=\"stylesheet\" href=\"https:\/\/cdnjs.cloudflare.com\/ajax\/libs\/font-awesome\/6.5.0\/css\/all.min.css\">\n\n<div class=\"social-links\">\n  <a href=\"https:\/\/www.facebook.com\/khomclean.khomclean.3\" target=\"_blank\" aria-label=\"Facebook\">\n    <i class=\"fab fa-facebook-f\"><\/i>\n  <\/a>\n  <a href=\"https:\/\/www.instagram.com\/khomclean\/\" target=\"_blank\" aria-label=\"Instagram\">\n    <i class=\"fab fa-instagram\"><\/i>\n  <\/a>\n  <a href=\"https:\/\/www.linkedin.com\/company\/khomclean\/\" target=\"_blank\" aria-label=\"LinkedIn\">\n    <i class=\"fab fa-linkedin-in\"><\/i>\n  <\/a>\n<\/div>\n<\/div><\/div><\/div><div class=\"et_pb_column_4 et_pb_column et-last-child et_flex_column et_pb_css_mix_blend_mode_passthrough et_flex_column_12_24 et_flex_column_12_24_tablet et_flex_column_24_24_phone\"><div class=\"et_pb_image_1 et_pb_image et_pb_module et_block_module\"><span class=\"et_pb_image_wrap\"><img loading=\"lazy\" decoding=\"async\" src=\"https:\/\/khomclean.be\/wp-content\/uploads\/2025\/10\/Benelux-Company.png\" width=\"475\" height=\"570\" srcset=\"https:\/\/khomclean.be\/wp-content\/uploads\/2025\/10\/Benelux-Company.png 475w, https:\/\/khomclean.be\/wp-content\/uploads\/2025\/10\/Benelux-Company-250x300.png 250w\" sizes=\"(max-width: 475px) 100vw, 475px\" class=\"wp-image-25098986\" title=\"EllipseGradient\" \/><\/span><\/div><\/div><\/div><\/div><div class=\"et_pb_column_5 et_pb_column et-last-child et_flex_column et_pb_css_mix_blend_mode_passthrough et_flex_column_3_5 et_flex_column_3_5_tablet et_flex_column_24_24_phone\"><div class=\"et_pb_text_3 et_pb_text et_pb_bg_layout_light et_pb_module et_block_module\"><div class=\"et_pb_text_inner\"><p>Contactez-Nous<\/p>\n<\/div><\/div><div class=\"et_pb_contact_form_0 et_pb_contact_form_container clearfix et_pb_module et_flex_module\" data-form_unique_num=\"0\" data-form_unique_id=\"8d7a0444-b0c6-454d-b9e4-12ba97873122\" data-redirect_url=\"https:\/\/khomclean.be\/thank\" id=\"et_pb_contact_form_8d7a0444-b0c6-454d-b9e4-12ba97873122\"><div class=\"et-pb-contact-message\"><\/div><div class=\"et_pb_contact\"><form class=\"et_pb_contact_form et_flex_module\" method=\"post\" action=\"https:\/\/khomclean.be\/en\/wp-json\/wp\/v2\/pages\/25097386\"><div class=\"et_pb_contact_field_0 et_pb_contact_field et_pb_module et_flex_module et_flex_column_12_24 et_flex_column_12_24_tablet et_flex_column_12_24_phone\" data-id=\"nom\" data-type=\"input\"><label class=\"et_pb_contact_form_label\" for=\"et_pb_contact_0_nom_0\">Nom<\/label><input type=\"text\" name=\"et_pb_contact_0_nom_0\" id=\"et_pb_contact_0_nom_0\" class=\"input\" data-required_mark=\"required\" data-field_type=\"input\" data-original_id=\"nom\" placeholder=\"Nom\" title=\"\" value=\"\" \/><\/div><div class=\"et_pb_contact_field_1 et_pb_contact_field et_pb_module et_flex_module et_flex_column_12_24 et_flex_column_12_24_tablet et_flex_column_12_24_phone\" data-id=\"prenom\" data-type=\"input\"><label class=\"et_pb_contact_form_label\" for=\"et_pb_contact_0_prenom_1\">Pr\u00e9nom<\/label><input type=\"text\" name=\"et_pb_contact_0_prenom_1\" id=\"et_pb_contact_0_prenom_1\" class=\"input\" data-required_mark=\"required\" data-field_type=\"input\" data-original_id=\"prenom\" placeholder=\"Pr\u00e9nom\" title=\"\" value=\"\" \/><\/div><div class=\"et_pb_contact_field_2 et_pb_contact_field et_pb_module et_flex_module et_flex_column_24_24 et_flex_column_24_24_tablet et_flex_column_24_24_phone\" data-id=\"telephone\" data-type=\"input\"><label class=\"et_pb_contact_form_label\" for=\"et_pb_contact_0_telephone_2\">T\u00e9l\u00e9phone<\/label><input type=\"text\" name=\"et_pb_contact_0_telephone_2\" id=\"et_pb_contact_0_telephone_2\" class=\"input\" data-required_mark=\"required\" data-field_type=\"input\" data-original_id=\"telephone\" placeholder=\"T\u00e9l\u00e9phone\" pattern=\"[0-9\\s\\-]*\" title=\"Only numbers allowed.\" value=\"\" \/><\/div><div class=\"et_pb_contact_field_3 et_pb_contact_field et_pb_module et_flex_module et_flex_column_12_24 et_flex_column_12_24_tablet et_flex_column_12_24_phone\" data-id=\"email\" data-type=\"email\"><label class=\"et_pb_contact_form_label\" for=\"et_pb_contact_0_email_3\">Adresse Email<\/label><input type=\"text\" name=\"et_pb_contact_0_email_3\" id=\"et_pb_contact_0_email_3\" class=\"input\" data-required_mark=\"required\" data-field_type=\"email\" data-original_id=\"email\" placeholder=\"Adresse Email\" title=\"\" value=\"\" \/><\/div><div class=\"et_pb_contact_field_4 et_pb_contact_field et_pb_module et_flex_module et_flex_column_12_24 et_flex_column_12_24_tablet et_flex_column_12_24_phone\" data-id=\"adresse_2\" data-type=\"input\"><label class=\"et_pb_contact_form_label\" for=\"et_pb_contact_0_adresse_2_4\">Adresse Postale<\/label><input type=\"text\" name=\"et_pb_contact_0_adresse_2_4\" id=\"et_pb_contact_0_adresse_2_4\" class=\"input\" data-required_mark=\"required\" data-field_type=\"input\" data-original_id=\"adresse_2\" placeholder=\"Adresse Postale\" title=\"\" value=\"\" \/><\/div><div class=\"et_pb_contact_field_5 et_pb_contact_field et_pb_module et_flex_module et_flex_column_12_24 et_flex_column_12_24_tablet et_flex_column_12_24_phone\" data-id=\"choice\" data-type=\"select\"><label class=\"et_pb_contact_form_label\" for=\"et_pb_contact_0_choice_5\">Je vous contacte pour :<\/label><select name=\"et_pb_contact_0_choice_5\" id=\"et_pb_contact_0_choice_5\" class=\"et_pb_contact_select input\" data-required_mark=\"required\" data-field_type=\"select\" data-original_id=\"choice\"><option value=\"\">Je vous contacte pour :<\/option><option value=\"Entretien d&#039;escalators\" data-id=\"\">Entretien d&#039;escalators<\/option><option value=\"Entretien de surfaces\" data-id=\"\">Entretien de surfaces<\/option><option value=\"Une collaboration\" data-id=\"\">Une collaboration<\/option><option value=\"Autre\" data-id=\"\">Autre<\/option><\/select><\/div><div class=\"et_pb_contact_field_6 et_pb_contact_field et_pb_module et_flex_module et_flex_column_12_24 et_flex_column_12_24_tablet et_flex_column_12_24_phone\" data-id=\"urgence\" data-type=\"select\"><label class=\"et_pb_contact_form_label\" for=\"et_pb_contact_0_urgence_6\">Quel est le degr\u00e9 d'urgence ?<\/label><select name=\"et_pb_contact_0_urgence_6\" id=\"et_pb_contact_0_urgence_6\" class=\"et_pb_contact_select input\" data-required_mark=\"required\" data-field_type=\"select\" data-original_id=\"urgence\"><option value=\"\">Quel est le degr\u00e9 d&#039;urgence ?<\/option><option value=\"Faible\" data-id=\"\">Faible<\/option><option value=\"Moyen\" data-id=\"\">Moyen<\/option><option value=\"Urgent\" data-id=\"\">Urgent<\/option><\/select><\/div><div class=\"et_pb_contact_field_7 et_pb_contact_field et_pb_module et_flex_module et_flex_column_24_24 et_flex_column_24_24_tablet et_flex_column_24_24_phone\" data-id=\"message\" data-type=\"text\"><label class=\"et_pb_contact_form_label\" for=\"et_pb_contact_0_message_7\">Message<\/label><textarea name=\"et_pb_contact_0_message_7\" id=\"et_pb_contact_0_message_7\" class=\"et_pb_contact_message input\" data-required_mark=\"required\" data-field_type=\"text\" data-original_id=\"message\" placeholder=\"Message\"><\/textarea><\/div><input type=\"hidden\" name=\"et_pb_contactform_submit_8d7a0444-b0c6-454d-b9e4-12ba97873122\" value=\"et_contact_proccess\" \/><div class=\"et_contact_bottom_container\"><div class=\"et_pb_button_wrapper\"><button type=\"submit\" name=\"et_builder_submit_button\" class=\"et_pb_button et_pb_contact_submit\">Envoyer<\/button><\/div><\/div><input type=\"hidden\" id=\"_wpnonce-et-pb-contact-form-submitted-8d7a0444-b0c6-454d-b9e4-12ba97873122\" name=\"_wpnonce-et-pb-contact-form-submitted-8d7a0444-b0c6-454d-b9e4-12ba97873122\" value=\"fbfd1459b5\" \/><input type=\"hidden\" name=\"_wp_http_referer\" value=\"\/en\/wp-json\/wp\/v2\/pages\/25097386\" \/><\/form><\/div><\/div><\/div><\/div><\/div>","protected":false},"excerpt":{"rendered":"","protected":false},"author":1,"featured_media":0,"parent":0,"menu_order":0,"comment_status":"closed","ping_status":"closed","template":"","meta":{"_et_pb_use_builder":"on","_et_pb_old_content":"","_et_gb_content_width":"","footnotes":""},"dipi_cpt_category":[],"class_list":["post-25097386","page","type-page","status-publish","hentry"],"_links":{"self":[{"href":"https:\/\/khomclean.be\/en\/wp-json\/wp\/v2\/pages\/25097386","targetHints":{"allow":["GET"]}}],"collection":[{"href":"https:\/\/khomclean.be\/en\/wp-json\/wp\/v2\/pages"}],"about":[{"href":"https:\/\/khomclean.be\/en\/wp-json\/wp\/v2\/types\/page"}],"author":[{"embeddable":true,"href":"https:\/\/khomclean.be\/en\/wp-json\/wp\/v2\/users\/1"}],"replies":[{"embeddable":true,"href":"https:\/\/khomclean.be\/en\/wp-json\/wp\/v2\/comments?post=25097386"}],"version-history":[{"count":22,"href":"https:\/\/khomclean.be\/en\/wp-json\/wp\/v2\/pages\/25097386\/revisions"}],"predecessor-version":[{"id":25099204,"href":"https:\/\/khomclean.be\/en\/wp-json\/wp\/v2\/pages\/25097386\/revisions\/25099204"}],"wp:attachment":[{"href":"https:\/\/khomclean.be\/en\/wp-json\/wp\/v2\/media?parent=25097386"}],"wp:term":[{"taxonomy":"dipi_cpt_category","embeddable":true,"href":"https:\/\/khomclean.be\/en\/wp-json\/wp\/v2\/dipi_cpt_category?post=25097386"}],"curies":[{"name":"wp","href":"https:\/\/api.w.org\/{rel}","templated":true}]}}